{"id":2595,"date":"2022-03-13T10:10:36","date_gmt":"2022-03-13T10:10:36","guid":{"rendered":"https:\/\/www.camp-bara.com\/?page_id=2595"},"modified":"2022-03-13T10:19:33","modified_gmt":"2022-03-13T10:19:33","slug":"pocitelj","status":"publish","type":"page","link":"https:\/\/www.camp-bara.com\/de\/pocitelj\/","title":{"rendered":"Po\u010ditelj"},"content":{"rendered":"<style>#kt-layout-id_3b2b80-25 > .kt-row-column-wrap{align-content:start;}:where(#kt-layout-id_3b2b80-25 > .kt-row-column-wrap) > .wp-block-kadence-column{justify-content:start;}#kt-layout-id_3b2b80-25 > .kt-row-column-wrap{column-gap:var(--global-kb-gap-md, 2rem);row-gap:var(--global-kb-gap-md, 2rem);padding-top:var( --global-kb-row-default-top, 25px );padding-bottom:var( --global-kb-row-default-bottom, 25px );padding-top:var(--global-kb-spacing-sm, 1.5rem);padding-bottom:var(--global-kb-spacing-sm, 1.5rem);grid-template-columns:minmax(0, 1fr);}#kt-layout-id_3b2b80-25{background-image:url('https:\/\/www.camp-bara.com\/wp-content\/uploads\/2022\/03\/Pocitelj.jpg');background-size:cover;background-position:center center;background-attachment:scroll;background-repeat:no-repeat;}#kt-layout-id_3b2b80-25 > .kt-row-layout-overlay{opacity:0.30;background-image:linear-gradient(180deg, #000000 37%, #f7fafa 100%);}@media all and (max-width: 1024px){#kt-layout-id_3b2b80-25 > .kt-row-column-wrap{grid-template-columns:minmax(0, 1fr);}}@media all and (max-width: 767px){#kt-layout-id_3b2b80-25 > .kt-row-column-wrap{grid-template-columns:minmax(0, 1fr);}}<\/style>\n<div class=\"wp-block-kadence-rowlayout alignnone\"><div id=\"kt-layout-id_3b2b80-25\" class=\"kt-row-layout-inner kt-row-has-bg kt-layout-id_3b2b80-25\"><div class=\"kt-row-layout-overlay kt-row-overlay-gradient\"><\/div><div class=\"kt-row-column-wrap kt-has-1-columns kt-gutter-default kt-v-gutter-default kt-row-valign-top kt-row-layout-equal kt-tab-layout-inherit kt-m-colapse-left-to-right kt-mobile-layout-row\"><style>.kadence-column_33d43e-81 > .kt-inside-inner-col{border-top-width:0px;border-right-width:0px;border-bottom-width:0px;border-left-width:0px;}.kadence-column_33d43e-81 > .kt-inside-inner-col,.kadence-column_33d43e-81 > .kt-inside-inner-col:before{border-top-left-radius:0px;border-top-right-radius:0px;border-bottom-right-radius:0px;border-bottom-left-radius:0px;}.kadence-column_33d43e-81 > .kt-inside-inner-col{column-gap:var(--global-kb-gap-sm, 1rem);}.kadence-column_33d43e-81 > .kt-inside-inner-col{flex-direction:column;}.kadence-column_33d43e-81 > .kt-inside-inner-col > .aligncenter{width:100%;}.kadence-column_33d43e-81 > .kt-inside-inner-col:before{opacity:0.3;}.kadence-column_33d43e-81{position:relative;}@media all and (max-width: 1024px){.kadence-column_33d43e-81 > .kt-inside-inner-col{flex-direction:column;}}@media all and (max-width: 767px){.kadence-column_33d43e-81 > .kt-inside-inner-col{flex-direction:column;}}<\/style>\n<div class=\"wp-block-kadence-column inner-column-1 kadence-column_33d43e-81\"><div class=\"kt-inside-inner-col\"><style>.wp-block-kadence-advancedheading.kt-adv-heading_401e95-2e, .wp-block-kadence-advancedheading.kt-adv-heading_401e95-2e[data-kb-block=\"kb-adv-heading_401e95-2e\"]{padding-top:90px;text-align:center;font-style:normal;}.wp-block-kadence-advancedheading.kt-adv-heading_401e95-2e mark, .wp-block-kadence-advancedheading.kt-adv-heading_401e95-2e[data-kb-block=\"kb-adv-heading_401e95-2e\"] mark{font-style:normal;color:#f76a0c;padding-top:0px;padding-right:0px;padding-bottom:0px;padding-left:0px;}<\/style>\n<h1 class=\"kt-adv-heading_401e95-2e wp-block-kadence-advancedheading has-theme-palette-9-color has-text-color\" data-kb-block=\"kb-adv-heading_401e95-2e\">Po\u010ditelj<\/h1>\n\n\n\n<p class=\"has-text-align-center has-theme-palette-9-color has-text-color\">Here you can find some interesting fact about Po\u010ditelj. <\/p>\n<\/div><\/div>\n<\/div><\/div><\/div>\n\n\n<style>#kt-layout-id_23d6cd-52 > .kt-row-column-wrap{align-content:start;}:where(#kt-layout-id_23d6cd-52 > .kt-row-column-wrap) > .wp-block-kadence-column{justify-content:start;}#kt-layout-id_23d6cd-52 > .kt-row-column-wrap{column-gap:var(--global-kb-gap-md, 2rem);row-gap:var(--global-kb-gap-md, 2rem);max-width:1500px;margin-left:auto;margin-right:auto;padding-top:var( --global-kb-row-default-top, 25px );padding-bottom:var( --global-kb-row-default-bottom, 25px );grid-template-columns:minmax(0, 1fr);}#kt-layout-id_23d6cd-52 > .kt-row-layout-overlay{opacity:0.30;}@media all and (max-width: 1024px){#kt-layout-id_23d6cd-52 > .kt-row-column-wrap{grid-template-columns:minmax(0, 1fr);}}@media all and (max-width: 767px){#kt-layout-id_23d6cd-52 > .kt-row-column-wrap{padding-left:5px;padding-right:5px;grid-template-columns:minmax(0, 1fr);}}<\/style>\n<div class=\"wp-block-kadence-rowlayout alignnone\"><div id=\"kt-layout-id_23d6cd-52\" class=\"kt-row-layout-inner kt-layout-id_23d6cd-52\"><div class=\"kt-row-column-wrap kt-has-1-columns kt-gutter-default kt-v-gutter-default kt-row-valign-top kt-row-layout-equal kt-tab-layout-inherit kt-m-colapse-left-to-right kt-mobile-layout-row\"><style>.kadence-column_7dd6cf-7f > .kt-inside-inner-col{border-top-width:0px;border-right-width:0px;border-bottom-width:0px;border-left-width:0px;}.kadence-column_7dd6cf-7f > .kt-inside-inner-col,.kadence-column_7dd6cf-7f > .kt-inside-inner-col:before{border-top-left-radius:0px;border-top-right-radius:0px;border-bottom-right-radius:0px;border-bottom-left-radius:0px;}.kadence-column_7dd6cf-7f > .kt-inside-inner-col{column-gap:var(--global-kb-gap-sm, 1rem);}.kadence-column_7dd6cf-7f > .kt-inside-inner-col{flex-direction:column;}.kadence-column_7dd6cf-7f > .kt-inside-inner-col > .aligncenter{width:100%;}.kadence-column_7dd6cf-7f > .kt-inside-inner-col:before{opacity:0.3;}.kadence-column_7dd6cf-7f{position:relative;}@media all and (max-width: 1024px){.kadence-column_7dd6cf-7f > .kt-inside-inner-col{flex-direction:column;}}@media all and (max-width: 767px){.kadence-column_7dd6cf-7f > .kt-inside-inner-col{flex-direction:column;}}<\/style>\n<div class=\"wp-block-kadence-column inner-column-1 kadence-column_7dd6cf-7f\"><div class=\"kt-inside-inner-col\">\n<div class=\"wp-block-columns is-layout-flex wp-container-core-columns-is-layout-9d6595d7 wp-block-columns-is-layout-flex\">\n<div class=\"wp-block-column is-vertically-aligned-center is-layout-flow wp-block-column-is-layout-flow\">\n<p>In the middle ages, Po\u010ditelj was the administrative centre and centre of governance of Dubrava \u017eupa (county). The historic urban site of Po\u010ditelj is located on the left bank of the river Neretva, on the main Mostar to Metkovi\u0107 road, to the south of Mostar, in the territory of \u010capljina Municipality. With the establishment of Austro-Hungarian rule in BiH in 1878, Po\u010ditelj lost its strategic importance and began to deteriorate rapidly. In 1996, Po\u010ditelj was named by World Monuments Watch as one of the world&#8217;s 100 most endangered cultural heritage sites. It\u2019s about 24 kilometers away from Blagaj.&nbsp;<\/p>\n\n\n\n<p><\/p>\n<\/div>\n\n\n\n<div class=\"wp-block-column is-layout-flow wp-block-column-is-layout-flow\">\n<figure class=\"wp-block-image size-full\"><img loading=\"lazy\" decoding=\"async\" width=\"1024\" height=\"683\" src=\"https:\/\/www.camp-bara.com\/wp-content\/uploads\/2022\/03\/Pocitelj.jpg\" alt=\"Po\u010ditelj, city in Bosnia and Herzegovina\" class=\"wp-image-2548\" srcset=\"https:\/\/www.camp-bara.com\/wp-content\/uploads\/2022\/03\/Pocitelj.jpg 1024w, https:\/\/www.camp-bara.com\/wp-content\/uploads\/2022\/03\/Pocitelj-300x200.jpg 300w, https:\/\/www.camp-bara.com\/wp-content\/uploads\/2022\/03\/Pocitelj-768x512.jpg 768w, https:\/\/www.camp-bara.com\/wp-content\/uploads\/2022\/03\/Pocitelj-18x12.jpg 18w\" sizes=\"auto, (max-width: 1024px) 100vw, 1024px\" \/><figcaption>Po\u010ditelj<\/figcaption><\/figure>\n<\/div>\n<\/div>\n\n\n<style>.wp-block-kadence-advancedgallery.kb-gallery-wrap-id-_642c8a-db{overflow:hidden;}.kb-gallery-type-carousel.kb-gallery-id-_642c8a-db .kt-blocks-carousel .kt-blocks-carousel-init{margin:0 -5px;}.kb-gallery-type-carousel.kb-gallery-id-_642c8a-db .kt-blocks-carousel .kt-blocks-carousel-init .kb-slide-item{padding:4px 5px;}.kb-gallery-type-carousel.kb-gallery-id-_642c8a-db .kt-blocks-carousel .kt-blocks-carousel-init .slick-prev{left:5px;}.kb-gallery-type-carousel.kb-gallery-id-_642c8a-db .kt-blocks-carousel .kt-blocks-carousel-init .slick-next{right:5px;}.kb-gallery-id-_642c8a-db .kadence-blocks-gallery-item .kb-gal-image-radius{border-radius:0px 0px 0px 0px;}.kb-gallery-id-_642c8a-db .kadence-blocks-gallery-item .kadence-blocks-gallery-item-inner .kadence-blocks-gallery-item__caption{background:linear-gradient( 0deg, rgba(0, 0, 0, 0.5) 0, rgba(0, 0, 0, 0) 100% );}.kb-gallery-caption-style-cover-hover.kb-gallery-id-_642c8a-db .kadence-blocks-gallery-item .kadence-blocks-gallery-item-inner .kadence-blocks-gallery-item__caption, .kb-gallery-caption-style-below.kb-gallery-id-_642c8a-db .kadence-blocks-gallery-item .kadence-blocks-gallery-item-inner .kadence-blocks-gallery-item__caption{background:rgba(0, 0, 0, 0.5);}<\/style>\n<div class=\"wp-block-kadence-advancedgallery kb-gallery-wrap-id-_642c8a-db\"><div class=\"kb-gallery-ul kb-gallery-type-carousel kb-gallery-id-_642c8a-db kb-gallery-caption-style-bottom-hover kb-gallery-filter-none kb-gallery-magnific-init\" data-image-filter=\"none\" data-lightbox-caption=\"true\"><div class=\"kt-blocks-carousel kt-carousel-container-dotstyle-dark\"><div class=\"kt-blocks-carousel-init kb-gallery-carousel kt-carousel-arrowstyle-whiteondark kt-carousel-dotstyle-dark\" data-columns-xxl=\"3\" data-columns-xl=\"3\" data-columns-md=\"3\" data-columns-sm=\"2\" data-columns-xs=\"1\" data-columns-ss=\"1\" data-slider-anim-speed=\"400\" data-slider-scroll=\"1\" data-slider-arrows=\"true\" data-slider-dots=\"true\" data-slider-hover-pause=\"false\" data-slider-auto=\"false\" data-slider-speed=\"7000\"><div class=\"kb-slide-item kb-gallery-carousel-item\"><div class=\"kadence-blocks-gallery-item\"><div class=\"kadence-blocks-gallery-item-inner\"><figure class=\"kb-gallery-figure kb-gallery-item-has-link kadence-blocks-gallery-item-has-caption kb-has-image-ratio-land32\"><a href=\"https:\/\/www.camp-bara.com\/wp-content\/uploads\/2022\/03\/Pocitelj-fortress-2.jpg\" class=\"kb-gallery-item-link\"><div class=\"kb-gal-image-radius\"><div class=\"kb-gallery-image-contain kadence-blocks-gallery-intrinsic kb-gallery-image-ratio-land32\"><img loading=\"lazy\" decoding=\"async\" src=\"https:\/\/www.camp-bara.com\/wp-content\/uploads\/2022\/03\/Pocitelj-fortress-2-1024x678.jpg\" width=\"1024\" height=\"678\" data-full-image=\"https:\/\/www.camp-bara.com\/wp-content\/uploads\/2022\/03\/Pocitelj-fortress-2.jpg\" data-light-image=\"https:\/\/www.camp-bara.com\/wp-content\/uploads\/2022\/03\/Pocitelj-fortress-2.jpg\" data-id=\"2596\" data-link=\"https:\/\/www.camp-bara.com\/?attachment_id=2596\" class=\"wp-image-2596 skip-lazy\" srcset=\"https:\/\/www.camp-bara.com\/wp-content\/uploads\/2022\/03\/Pocitelj-fortress-2-1024x678.jpg 1024w, https:\/\/www.camp-bara.com\/wp-content\/uploads\/2022\/03\/Pocitelj-fortress-2-300x199.jpg 300w, https:\/\/www.camp-bara.com\/wp-content\/uploads\/2022\/03\/Pocitelj-fortress-2-768x509.jpg 768w, https:\/\/www.camp-bara.com\/wp-content\/uploads\/2022\/03\/Pocitelj-fortress-2-1536x1018.jpg 1536w, https:\/\/www.camp-bara.com\/wp-content\/uploads\/2022\/03\/Pocitelj-fortress-2-18x12.jpg 18w, https:\/\/www.camp-bara.com\/wp-content\/uploads\/2022\/03\/Pocitelj-fortress-2.jpg 2000w\" sizes=\"auto, (max-width: 1024px) 100vw, 1024px\" \/><\/div><div class=\"kadence-blocks-gallery-item__caption\">Po\u010ditelj, Fortress<\/div><\/div><\/a><\/figure><\/div><\/div><\/div><div class=\"kb-slide-item kb-gallery-carousel-item\"><div class=\"kadence-blocks-gallery-item\"><div class=\"kadence-blocks-gallery-item-inner\"><figure class=\"kb-gallery-figure kb-gallery-item-has-link kadence-blocks-gallery-item-has-caption kb-has-image-ratio-land32\"><a href=\"https:\/\/www.camp-bara.com\/wp-content\/uploads\/2022\/03\/Pocitelj-fortress.jpg\" class=\"kb-gallery-item-link\"><div class=\"kb-gal-image-radius\"><div class=\"kb-gallery-image-contain kadence-blocks-gallery-intrinsic kb-gallery-image-ratio-land32\"><img loading=\"lazy\" decoding=\"async\" src=\"https:\/\/www.camp-bara.com\/wp-content\/uploads\/2022\/03\/Pocitelj-fortress.jpg\" width=\"800\" height=\"432\" data-full-image=\"https:\/\/www.camp-bara.com\/wp-content\/uploads\/2022\/03\/Pocitelj-fortress.jpg\" data-light-image=\"https:\/\/www.camp-bara.com\/wp-content\/uploads\/2022\/03\/Pocitelj-fortress.jpg\" data-id=\"2597\" data-link=\"https:\/\/www.camp-bara.com\/?attachment_id=2597\" class=\"wp-image-2597 skip-lazy\" srcset=\"https:\/\/www.camp-bara.com\/wp-content\/uploads\/2022\/03\/Pocitelj-fortress.jpg 800w, https:\/\/www.camp-bara.com\/wp-content\/uploads\/2022\/03\/Pocitelj-fortress-300x162.jpg 300w, https:\/\/www.camp-bara.com\/wp-content\/uploads\/2022\/03\/Pocitelj-fortress-768x415.jpg 768w, https:\/\/www.camp-bara.com\/wp-content\/uploads\/2022\/03\/Pocitelj-fortress-18x10.jpg 18w\" sizes=\"auto, (max-width: 800px) 100vw, 800px\" \/><\/div><div class=\"kadence-blocks-gallery-item__caption\">Po\u010ditelj, Old city with fortress<\/div><\/div><\/a><\/figure><\/div><\/div><\/div><div class=\"kb-slide-item kb-gallery-carousel-item\"><div class=\"kadence-blocks-gallery-item\"><div class=\"kadence-blocks-gallery-item-inner\"><figure class=\"kb-gallery-figure kb-gallery-item-has-link kadence-blocks-gallery-item-has-caption kb-has-image-ratio-land32\"><a href=\"https:\/\/www.camp-bara.com\/wp-content\/uploads\/2022\/03\/Pocitelj-old-city.jpg\" class=\"kb-gallery-item-link\"><div class=\"kb-gal-image-radius\"><div class=\"kb-gallery-image-contain kadence-blocks-gallery-intrinsic kb-gallery-image-ratio-land32\"><img loading=\"lazy\" decoding=\"async\" src=\"https:\/\/www.camp-bara.com\/wp-content\/uploads\/2022\/03\/Pocitelj-old-city.jpg\" width=\"920\" height=\"695\" data-full-image=\"https:\/\/www.camp-bara.com\/wp-content\/uploads\/2022\/03\/Pocitelj-old-city.jpg\" data-light-image=\"https:\/\/www.camp-bara.com\/wp-content\/uploads\/2022\/03\/Pocitelj-old-city.jpg\" data-id=\"2598\" data-link=\"https:\/\/www.camp-bara.com\/?attachment_id=2598\" class=\"wp-image-2598 skip-lazy\" srcset=\"https:\/\/www.camp-bara.com\/wp-content\/uploads\/2022\/03\/Pocitelj-old-city.jpg 920w, https:\/\/www.camp-bara.com\/wp-content\/uploads\/2022\/03\/Pocitelj-old-city-300x227.jpg 300w, https:\/\/www.camp-bara.com\/wp-content\/uploads\/2022\/03\/Pocitelj-old-city-768x580.jpg 768w, https:\/\/www.camp-bara.com\/wp-content\/uploads\/2022\/03\/Pocitelj-old-city-16x12.jpg 16w\" sizes=\"auto, (max-width: 920px) 100vw, 920px\" \/><\/div><div class=\"kadence-blocks-gallery-item__caption\">Po\u010ditelj<\/div><\/div><\/a><\/figure><\/div><\/div><\/div><div class=\"kb-slide-item kb-gallery-carousel-item\"><div class=\"kadence-blocks-gallery-item\"><div class=\"kadence-blocks-gallery-item-inner\"><figure class=\"kb-gallery-figure kb-gallery-item-has-link kadence-blocks-gallery-item-has-caption kb-has-image-ratio-land32\"><a href=\"https:\/\/www.camp-bara.com\/wp-content\/uploads\/2022\/03\/Pocitelj-1.jpg\" class=\"kb-gallery-item-link\"><div class=\"kb-gal-image-radius\"><div class=\"kb-gallery-image-contain kadence-blocks-gallery-intrinsic kb-gallery-image-ratio-land32\"><img loading=\"lazy\" decoding=\"async\" src=\"https:\/\/www.camp-bara.com\/wp-content\/uploads\/2022\/03\/Pocitelj-1.jpg\" width=\"1024\" height=\"683\" data-full-image=\"https:\/\/www.camp-bara.com\/wp-content\/uploads\/2022\/03\/Pocitelj-1.jpg\" data-light-image=\"https:\/\/www.camp-bara.com\/wp-content\/uploads\/2022\/03\/Pocitelj-1.jpg\" data-id=\"2599\" data-link=\"https:\/\/www.camp-bara.com\/?attachment_id=2599\" class=\"wp-image-2599 skip-lazy\" srcset=\"https:\/\/www.camp-bara.com\/wp-content\/uploads\/2022\/03\/Pocitelj-1.jpg 1024w, https:\/\/www.camp-bara.com\/wp-content\/uploads\/2022\/03\/Pocitelj-1-300x200.jpg 300w, https:\/\/www.camp-bara.com\/wp-content\/uploads\/2022\/03\/Pocitelj-1-768x512.jpg 768w, https:\/\/www.camp-bara.com\/wp-content\/uploads\/2022\/03\/Pocitelj-1-18x12.jpg 18w\" sizes=\"auto, (max-width: 1024px) 100vw, 1024px\" \/><\/div><div class=\"kadence-blocks-gallery-item__caption\">Po\u010ditelj<\/div><\/div><\/a><\/figure><\/div><\/div><\/div><\/div><\/div><\/div><\/div>\n<\/div><\/div>\n<\/div><\/div><\/div>","protected":false},"excerpt":{"rendered":"<p>Po\u010ditelj Here you can find some interesting fact about Po\u010ditelj. In the middle ages, Po\u010ditelj was the administrative centre and centre of governance of Dubrava \u017eupa (county). The historic urban&#8230;<\/p>","protected":false},"author":1,"featured_media":0,"parent":0,"menu_order":0,"comment_status":"closed","ping_status":"closed","template":"","meta":{"_EventAllDay":false,"_EventTimezone":"","_EventStartDate":"","_EventEndDate":"","_EventStartDateUTC":"","_EventEndDateUTC":"","_EventShowMap":false,"_EventShowMapLink":false,"_EventURL":"","_EventCost":"","_EventCostDescription":"","_EventCurrencySymbol":"","_EventCurrencyCode":"","_EventCurrencyPosition":"","_EventDateTimeSeparator":"","_EventTimeRangeSeparator":"","_EventOrganizerID":[],"_EventVenueID":[0],"_OrganizerEmail":"","_OrganizerPhone":"","_OrganizerWebsite":"","_VenueAddress":"","_VenueCity":"","_VenueCountry":"","_VenueProvince":"","_VenueState":"","_VenueZip":"","_VenuePhone":"","_VenueURL":"","_VenueStateProvince":"","_VenueLat":"","_VenueLng":"","_VenueShowMap":false,"_VenueShowMapLink":false,"_kadence_starter_templates_imported_post":false,"_kad_post_transparent":"","_kad_post_title":"hide","_kad_post_layout":"fullwidth","_kad_post_sidebar_id":"","_kad_post_content_style":"unboxed","_kad_post_vertical_padding":"","_kad_post_feature":"","_kad_post_feature_position":"","_kad_post_header":false,"_kad_post_footer":false,"footnotes":""},"class_list":["post-2595","page","type-page","status-publish","hentry"],"yoast_head":"<!-- This site is optimized with the Yoast SEO plugin v22.5 - https:\/\/yoast.com\/wordpress\/plugins\/seo\/ -->\n<title>Po\u010ditelj - Campsite in Blagaj (Bosnia&amp;Herzegovina)-Camp Bara<\/title>\n<meta name=\"robots\" content=\"index, follow, max-snippet:-1, max-image-preview:large, max-video-preview:-1\" \/>\n<link rel=\"canonical\" href=\"https:\/\/www.camp-bara.com\/de\/pocitelj\/\" \/>\n<meta property=\"og:locale\" content=\"de_DE\" \/>\n<meta property=\"og:type\" content=\"article\" \/>\n<meta property=\"og:title\" content=\"Po\u010ditelj - Campsite in Blagaj (Bosnia&amp;Herzegovina)-Camp Bara\" \/>\n<meta property=\"og:description\" content=\"Po\u010ditelj Here you can find some interesting fact about Po\u010ditelj. In the middle ages, Po\u010ditelj was the administrative centre and centre of governance of Dubrava \u017eupa (county). The historic urban...\" \/>\n<meta property=\"og:url\" content=\"https:\/\/www.camp-bara.com\/de\/pocitelj\/\" \/>\n<meta property=\"og:site_name\" content=\"Campsite in Blagaj (Bosnia&amp;Herzegovina)-Camp Bara\" \/>\n<meta property=\"article:modified_time\" content=\"2022-03-13T10:19:33+00:00\" \/>\n<meta property=\"og:image\" content=\"https:\/\/www.camp-bara.com\/wp-content\/uploads\/2022\/03\/Pocitelj.jpg\" \/>\n<meta name=\"twitter:card\" content=\"summary_large_image\" \/>\n<meta name=\"twitter:label1\" content=\"Gesch\u00e4tzte Lesezeit\" \/>\n\t<meta name=\"twitter:data1\" content=\"2\u00a0Minuten\" \/>\n<script type=\"application\/ld+json\" class=\"yoast-schema-graph\">{\"@context\":\"https:\/\/schema.org\",\"@graph\":[{\"@type\":\"WebPage\",\"@id\":\"https:\/\/www.camp-bara.com\/pocitelj\/\",\"url\":\"https:\/\/www.camp-bara.com\/pocitelj\/\",\"name\":\"Po\u010ditelj - Campsite in Blagaj (Bosnia&amp;Herzegovina)-Camp Bara\",\"isPartOf\":{\"@id\":\"https:\/\/www.camp-bara.com\/#website\"},\"primaryImageOfPage\":{\"@id\":\"https:\/\/www.camp-bara.com\/pocitelj\/#primaryimage\"},\"image\":{\"@id\":\"https:\/\/www.camp-bara.com\/pocitelj\/#primaryimage\"},\"thumbnailUrl\":\"https:\/\/www.camp-bara.com\/wp-content\/uploads\/2022\/03\/Pocitelj.jpg\",\"datePublished\":\"2022-03-13T10:10:36+00:00\",\"dateModified\":\"2022-03-13T10:19:33+00:00\",\"breadcrumb\":{\"@id\":\"https:\/\/www.camp-bara.com\/pocitelj\/#breadcrumb\"},\"inLanguage\":\"de\",\"potentialAction\":[{\"@type\":\"ReadAction\",\"target\":[\"https:\/\/www.camp-bara.com\/pocitelj\/\"]}]},{\"@type\":\"ImageObject\",\"inLanguage\":\"de\",\"@id\":\"https:\/\/www.camp-bara.com\/pocitelj\/#primaryimage\",\"url\":\"https:\/\/www.camp-bara.com\/wp-content\/uploads\/2022\/03\/Pocitelj.jpg\",\"contentUrl\":\"https:\/\/www.camp-bara.com\/wp-content\/uploads\/2022\/03\/Pocitelj.jpg\"},{\"@type\":\"BreadcrumbList\",\"@id\":\"https:\/\/www.camp-bara.com\/pocitelj\/#breadcrumb\",\"itemListElement\":[{\"@type\":\"ListItem\",\"position\":1,\"name\":\"Home\",\"item\":\"https:\/\/www.camp-bara.com\/\"},{\"@type\":\"ListItem\",\"position\":2,\"name\":\"Po\u010ditelj\"}]},{\"@type\":\"WebSite\",\"@id\":\"https:\/\/www.camp-bara.com\/#website\",\"url\":\"https:\/\/www.camp-bara.com\/\",\"name\":\"Campsite in Blagaj (Bosnia&amp;Herzegovina)-Camp Bara\",\"description\":\"Your new favorite camping place\",\"publisher\":{\"@id\":\"https:\/\/www.camp-bara.com\/#organization\"},\"potentialAction\":[{\"@type\":\"SearchAction\",\"target\":{\"@type\":\"EntryPoint\",\"urlTemplate\":\"https:\/\/www.camp-bara.com\/?s={search_term_string}\"},\"query-input\":\"required name=search_term_string\"}],\"inLanguage\":\"de\"},{\"@type\":\"Organization\",\"@id\":\"https:\/\/www.camp-bara.com\/#organization\",\"name\":\"Campsite in Blagaj (Bosnia&amp;Herzegovina)-Camp Bara\",\"url\":\"https:\/\/www.camp-bara.com\/\",\"logo\":{\"@type\":\"ImageObject\",\"inLanguage\":\"de\",\"@id\":\"https:\/\/www.camp-bara.com\/#\/schema\/logo\/image\/\",\"url\":\"https:\/\/www.camp-bara.com\/wp-content\/uploads\/2022\/03\/Camp-Bara-vektorski-logo-01.png\",\"contentUrl\":\"https:\/\/www.camp-bara.com\/wp-content\/uploads\/2022\/03\/Camp-Bara-vektorski-logo-01.png\",\"width\":1042,\"height\":417,\"caption\":\"Campsite in Blagaj (Bosnia&amp;Herzegovina)-Camp Bara\"},\"image\":{\"@id\":\"https:\/\/www.camp-bara.com\/#\/schema\/logo\/image\/\"}}]}<\/script>\n<!-- \/ Yoast SEO plugin. -->","yoast_head_json":{"title":"Po\u010ditelj - Campsite in Blagaj (Bosnia&amp;Herzegovina)-Camp Bara","robots":{"index":"index","follow":"follow","max-snippet":"max-snippet:-1","max-image-preview":"max-image-preview:large","max-video-preview":"max-video-preview:-1"},"canonical":"https:\/\/www.camp-bara.com\/de\/pocitelj\/","og_locale":"de_DE","og_type":"article","og_title":"Po\u010ditelj - Campsite in Blagaj (Bosnia&amp;Herzegovina)-Camp Bara","og_description":"Po\u010ditelj Here you can find some interesting fact about Po\u010ditelj. In the middle ages, Po\u010ditelj was the administrative centre and centre of governance of Dubrava \u017eupa (county). The historic urban...","og_url":"https:\/\/www.camp-bara.com\/de\/pocitelj\/","og_site_name":"Campsite in Blagaj (Bosnia&amp;Herzegovina)-Camp Bara","article_modified_time":"2022-03-13T10:19:33+00:00","og_image":[{"url":"https:\/\/www.camp-bara.com\/wp-content\/uploads\/2022\/03\/Pocitelj.jpg"}],"twitter_card":"summary_large_image","twitter_misc":{"Gesch\u00e4tzte Lesezeit":"2\u00a0Minuten"},"schema":{"@context":"https:\/\/schema.org","@graph":[{"@type":"WebPage","@id":"https:\/\/www.camp-bara.com\/pocitelj\/","url":"https:\/\/www.camp-bara.com\/pocitelj\/","name":"Po\u010ditelj - Campsite in Blagaj (Bosnia&amp;Herzegovina)-Camp Bara","isPartOf":{"@id":"https:\/\/www.camp-bara.com\/#website"},"primaryImageOfPage":{"@id":"https:\/\/www.camp-bara.com\/pocitelj\/#primaryimage"},"image":{"@id":"https:\/\/www.camp-bara.com\/pocitelj\/#primaryimage"},"thumbnailUrl":"https:\/\/www.camp-bara.com\/wp-content\/uploads\/2022\/03\/Pocitelj.jpg","datePublished":"2022-03-13T10:10:36+00:00","dateModified":"2022-03-13T10:19:33+00:00","breadcrumb":{"@id":"https:\/\/www.camp-bara.com\/pocitelj\/#breadcrumb"},"inLanguage":"de","potentialAction":[{"@type":"ReadAction","target":["https:\/\/www.camp-bara.com\/pocitelj\/"]}]},{"@type":"ImageObject","inLanguage":"de","@id":"https:\/\/www.camp-bara.com\/pocitelj\/#primaryimage","url":"https:\/\/www.camp-bara.com\/wp-content\/uploads\/2022\/03\/Pocitelj.jpg","contentUrl":"https:\/\/www.camp-bara.com\/wp-content\/uploads\/2022\/03\/Pocitelj.jpg"},{"@type":"BreadcrumbList","@id":"https:\/\/www.camp-bara.com\/pocitelj\/#breadcrumb","itemListElement":[{"@type":"ListItem","position":1,"name":"Home","item":"https:\/\/www.camp-bara.com\/"},{"@type":"ListItem","position":2,"name":"Po\u010ditelj"}]},{"@type":"WebSite","@id":"https:\/\/www.camp-bara.com\/#website","url":"https:\/\/www.camp-bara.com\/","name":"Campsite in Blagaj (Bosnia&amp;Herzegovina)-Camp Bara","description":"Your new favorite camping place","publisher":{"@id":"https:\/\/www.camp-bara.com\/#organization"},"potentialAction":[{"@type":"SearchAction","target":{"@type":"EntryPoint","urlTemplate":"https:\/\/www.camp-bara.com\/?s={search_term_string}"},"query-input":"required name=search_term_string"}],"inLanguage":"de"},{"@type":"Organization","@id":"https:\/\/www.camp-bara.com\/#organization","name":"Campsite in Blagaj (Bosnia&amp;Herzegovina)-Camp Bara","url":"https:\/\/www.camp-bara.com\/","logo":{"@type":"ImageObject","inLanguage":"de","@id":"https:\/\/www.camp-bara.com\/#\/schema\/logo\/image\/","url":"https:\/\/www.camp-bara.com\/wp-content\/uploads\/2022\/03\/Camp-Bara-vektorski-logo-01.png","contentUrl":"https:\/\/www.camp-bara.com\/wp-content\/uploads\/2022\/03\/Camp-Bara-vektorski-logo-01.png","width":1042,"height":417,"caption":"Campsite in Blagaj (Bosnia&amp;Herzegovina)-Camp Bara"},"image":{"@id":"https:\/\/www.camp-bara.com\/#\/schema\/logo\/image\/"}}]}},"_links":{"self":[{"href":"https:\/\/www.camp-bara.com\/de\/wp-json\/wp\/v2\/pages\/2595","targetHints":{"allow":["GET"]}}],"collection":[{"href":"https:\/\/www.camp-bara.com\/de\/wp-json\/wp\/v2\/pages"}],"about":[{"href":"https:\/\/www.camp-bara.com\/de\/wp-json\/wp\/v2\/types\/page"}],"author":[{"embeddable":true,"href":"https:\/\/www.camp-bara.com\/de\/wp-json\/wp\/v2\/users\/1"}],"replies":[{"embeddable":true,"href":"https:\/\/www.camp-bara.com\/de\/wp-json\/wp\/v2\/comments?post=2595"}],"version-history":[{"count":2,"href":"https:\/\/www.camp-bara.com\/de\/wp-json\/wp\/v2\/pages\/2595\/revisions"}],"predecessor-version":[{"id":2610,"href":"https:\/\/www.camp-bara.com\/de\/wp-json\/wp\/v2\/pages\/2595\/revisions\/2610"}],"wp:attachment":[{"href":"https:\/\/www.camp-bara.com\/de\/wp-json\/wp\/v2\/media?parent=2595"}],"curies":[{"name":"wp","href":"https:\/\/api.w.org\/{rel}","templated":true}]}}