{"id":2623,"date":"2022-03-13T18:28:27","date_gmt":"2022-03-13T18:28:27","guid":{"rendered":"https:\/\/www.camp-bara.com\/?page_id=2623"},"modified":"2022-04-03T08:45:29","modified_gmt":"2022-04-03T08:45:29","slug":"ljubuski","status":"publish","type":"page","link":"http:\/\/www.camp-bara.com\/de\/ljubuski\/","title":{"rendered":"Ljubu\u0161ki"},"content":{"rendered":"<style>#kt-layout-id_ddc8c9-02 > .kt-row-column-wrap{align-content:start;}:where(#kt-layout-id_ddc8c9-02 > .kt-row-column-wrap) > .wp-block-kadence-column{justify-content:start;}#kt-layout-id_ddc8c9-02 > .kt-row-column-wrap{column-gap:var(--global-kb-gap-md, 2rem);row-gap:var(--global-kb-gap-md, 2rem);padding-top:var( --global-kb-row-default-top, 25px );padding-bottom:var( --global-kb-row-default-bottom, 25px );padding-top:var(--global-kb-spacing-sm, 1.5rem);padding-bottom:var(--global-kb-spacing-sm, 1.5rem);grid-template-columns:minmax(0, 1fr);}#kt-layout-id_ddc8c9-02{background-image:url('https:\/\/www.camp-bara.com\/wp-content\/uploads\/2022\/03\/Ljubuski.jpg');background-size:cover;background-position:center center;background-attachment:scroll;background-repeat:no-repeat;}#kt-layout-id_ddc8c9-02 > .kt-row-layout-overlay{opacity:0.30;background-image:linear-gradient(180deg, #000000 37%, #f7fafa 100%);}@media all and (max-width: 1024px){#kt-layout-id_ddc8c9-02 > .kt-row-column-wrap{grid-template-columns:minmax(0, 1fr);}}@media all and (max-width: 767px){#kt-layout-id_ddc8c9-02 > .kt-row-column-wrap{grid-template-columns:minmax(0, 1fr);}}<\/style>\n<div class=\"wp-block-kadence-rowlayout alignnone\"><div id=\"kt-layout-id_ddc8c9-02\" class=\"kt-row-layout-inner kt-row-has-bg kt-layout-id_ddc8c9-02\"><div class=\"kt-row-layout-overlay kt-row-overlay-gradient\"><\/div><div class=\"kt-row-column-wrap kt-has-1-columns kt-gutter-default kt-v-gutter-default kt-row-valign-top kt-row-layout-equal kt-tab-layout-inherit kt-m-colapse-left-to-right kt-mobile-layout-row\"><style>.kadence-column_22c6c9-3f > .kt-inside-inner-col{border-top-width:0px;border-right-width:0px;border-bottom-width:0px;border-left-width:0px;}.kadence-column_22c6c9-3f > .kt-inside-inner-col,.kadence-column_22c6c9-3f > .kt-inside-inner-col:before{border-top-left-radius:0px;border-top-right-radius:0px;border-bottom-right-radius:0px;border-bottom-left-radius:0px;}.kadence-column_22c6c9-3f > .kt-inside-inner-col{column-gap:var(--global-kb-gap-sm, 1rem);}.kadence-column_22c6c9-3f > .kt-inside-inner-col{flex-direction:column;}.kadence-column_22c6c9-3f > .kt-inside-inner-col > .aligncenter{width:100%;}.kadence-column_22c6c9-3f > .kt-inside-inner-col:before{opacity:0.3;}.kadence-column_22c6c9-3f{position:relative;}@media all and (max-width: 1024px){.kadence-column_22c6c9-3f > .kt-inside-inner-col{flex-direction:column;}}@media all and (max-width: 767px){.kadence-column_22c6c9-3f > .kt-inside-inner-col{flex-direction:column;}}<\/style>\n<div class=\"wp-block-kadence-column inner-column-1 kadence-column_22c6c9-3f\"><div class=\"kt-inside-inner-col\"><style>.wp-block-kadence-advancedheading.kt-adv-heading_b98b80-7f, .wp-block-kadence-advancedheading.kt-adv-heading_b98b80-7f[data-kb-block=\"kb-adv-heading_b98b80-7f\"]{padding-top:90px;text-align:center;font-style:normal;}.wp-block-kadence-advancedheading.kt-adv-heading_b98b80-7f mark, .wp-block-kadence-advancedheading.kt-adv-heading_b98b80-7f[data-kb-block=\"kb-adv-heading_b98b80-7f\"] mark{font-style:normal;color:#f76a0c;padding-top:0px;padding-right:0px;padding-bottom:0px;padding-left:0px;}<\/style>\n<h1 class=\"kt-adv-heading_b98b80-7f wp-block-kadence-advancedheading has-theme-palette-9-color has-text-color\" data-kb-block=\"kb-adv-heading_b98b80-7f\">Ljubu\u0161ki<\/h1>\n\n\n\n<p class=\"has-text-align-center has-theme-palette-9-color has-text-color\">Here you can find some interesting fact about Ljubu\u0161ki. <\/p>\n<\/div><\/div>\n<\/div><\/div><\/div>\n\n\n<style>#kt-layout-id_288100-cf > .kt-row-column-wrap{align-content:start;}:where(#kt-layout-id_288100-cf > .kt-row-column-wrap) > .wp-block-kadence-column{justify-content:start;}#kt-layout-id_288100-cf > .kt-row-column-wrap{column-gap:var(--global-kb-gap-md, 2rem);row-gap:var(--global-kb-gap-md, 2rem);max-width:1500px;margin-left:auto;margin-right:auto;padding-top:var( --global-kb-row-default-top, 25px );padding-bottom:var( --global-kb-row-default-bottom, 25px );grid-template-columns:minmax(0, 1fr);}#kt-layout-id_288100-cf > .kt-row-layout-overlay{opacity:0.30;}@media all and (max-width: 1024px){#kt-layout-id_288100-cf > .kt-row-column-wrap{grid-template-columns:minmax(0, 1fr);}}@media all and (max-width: 767px){#kt-layout-id_288100-cf > .kt-row-column-wrap{padding-left:5px;padding-right:5px;grid-template-columns:minmax(0, 1fr);}}<\/style>\n<div class=\"wp-block-kadence-rowlayout alignnone\"><div id=\"kt-layout-id_288100-cf\" class=\"kt-row-layout-inner kt-layout-id_288100-cf\"><div class=\"kt-row-column-wrap kt-has-1-columns kt-gutter-default kt-v-gutter-default kt-row-valign-top kt-row-layout-equal kt-tab-layout-inherit kt-m-colapse-left-to-right kt-mobile-layout-row\"><style>.kadence-column_8237d0-56 > .kt-inside-inner-col{border-top-width:0px;border-right-width:0px;border-bottom-width:0px;border-left-width:0px;}.kadence-column_8237d0-56 > .kt-inside-inner-col,.kadence-column_8237d0-56 > .kt-inside-inner-col:before{border-top-left-radius:0px;border-top-right-radius:0px;border-bottom-right-radius:0px;border-bottom-left-radius:0px;}.kadence-column_8237d0-56 > .kt-inside-inner-col{column-gap:var(--global-kb-gap-sm, 1rem);}.kadence-column_8237d0-56 > .kt-inside-inner-col{flex-direction:column;}.kadence-column_8237d0-56 > .kt-inside-inner-col > .aligncenter{width:100%;}.kadence-column_8237d0-56 > .kt-inside-inner-col:before{opacity:0.3;}.kadence-column_8237d0-56{position:relative;}@media all and (max-width: 1024px){.kadence-column_8237d0-56 > .kt-inside-inner-col{flex-direction:column;}}@media all and (max-width: 767px){.kadence-column_8237d0-56 > .kt-inside-inner-col{flex-direction:column;}}<\/style>\n<div class=\"wp-block-kadence-column inner-column-1 kadence-column_8237d0-56\"><div class=\"kt-inside-inner-col\">\n<div class=\"wp-block-columns is-layout-flex wp-container-core-columns-is-layout-9d6595d7 wp-block-columns-is-layout-flex\">\n<div class=\"wp-block-column is-vertically-aligned-center is-layout-flow wp-block-column-is-layout-flow\">\n<p>Ljubu\u0161ki s a city and municipality in Bosnia and Herzegovina. It is located in the West Herzegovina Canton, a unit of the Federation of Bosnia and Herzegovina. It&#8217;s here that is located the Kravica waterfalls, near the settlement of Studenci. It is located on the river Trebi\u017eat and has a width of 120 meters and a height of about 28 meters. Many mills and cloth-rolling pillars used to be active along the waterfall. In addition to Kravice on Trebi\u017eat, there is also the Ko\u0107u\u0161a waterfall. Blagaj &#8211; Ljubu\u0161ki it\u2019s about 39 kilometers away and you need about 45 minutes for drive.&nbsp;<\/p>\n<\/div>\n\n\n\n<div class=\"wp-block-column is-layout-flow wp-block-column-is-layout-flow\">\n<figure class=\"wp-block-image size-full\"><img loading=\"lazy\" decoding=\"async\" width=\"800\" height=\"533\" src=\"https:\/\/www.camp-bara.com\/wp-content\/uploads\/2022\/03\/Ljubuski.jpg\" alt=\"Picture of river in Ljubu\u0161ki, Bosnia and herzegovina\" class=\"wp-image-2549\" srcset=\"https:\/\/www.camp-bara.com\/wp-content\/uploads\/2022\/03\/Ljubuski.jpg 800w, https:\/\/www.camp-bara.com\/wp-content\/uploads\/2022\/03\/Ljubuski-300x200.jpg 300w, https:\/\/www.camp-bara.com\/wp-content\/uploads\/2022\/03\/Ljubuski-768x512.jpg 768w, https:\/\/www.camp-bara.com\/wp-content\/uploads\/2022\/03\/Ljubuski-18x12.jpg 18w\" sizes=\"auto, (max-width: 800px) 100vw, 800px\" \/><\/figure>\n<\/div>\n<\/div>\n\n\n<style>.wp-block-kadence-advancedgallery.kb-gallery-wrap-id-_6a50c6-b8{overflow:hidden;}.kb-gallery-type-carousel.kb-gallery-id-_6a50c6-b8 .kt-blocks-carousel .kt-blocks-carousel-init{margin:0 -5px;}.kb-gallery-type-carousel.kb-gallery-id-_6a50c6-b8 .kt-blocks-carousel .kt-blocks-carousel-init .kb-slide-item{padding:4px 5px;}.kb-gallery-type-carousel.kb-gallery-id-_6a50c6-b8 .kt-blocks-carousel .kt-blocks-carousel-init .slick-prev{left:5px;}.kb-gallery-type-carousel.kb-gallery-id-_6a50c6-b8 .kt-blocks-carousel .kt-blocks-carousel-init .slick-next{right:5px;}.kb-gallery-id-_6a50c6-b8 .kadence-blocks-gallery-item .kb-gal-image-radius{border-radius:0px 0px 0px 0px;}<\/style>\n<div class=\"wp-block-kadence-advancedgallery kb-gallery-wrap-id-_6a50c6-b8\"><div class=\"kb-gallery-ul kb-gallery-type-carousel kb-gallery-id-_6a50c6-b8 kb-gallery-caption-style-bottom-hover kb-gallery-filter-none kb-gallery-magnific-init\" data-image-filter=\"none\" data-lightbox-caption=\"true\"><div class=\"kt-blocks-carousel kt-carousel-container-dotstyle-dark\"><div class=\"kt-blocks-carousel-init kb-gallery-carousel kt-carousel-arrowstyle-whiteondark kt-carousel-dotstyle-dark\" data-columns-xxl=\"3\" data-columns-xl=\"3\" data-columns-md=\"3\" data-columns-sm=\"2\" data-columns-xs=\"1\" data-columns-ss=\"1\" data-slider-anim-speed=\"400\" data-slider-scroll=\"1\" data-slider-arrows=\"true\" data-slider-dots=\"true\" data-slider-hover-pause=\"false\" data-slider-auto=\"false\" data-slider-speed=\"7000\"><div class=\"kb-slide-item kb-gallery-carousel-item\"><div class=\"kadence-blocks-gallery-item\"><div class=\"kadence-blocks-gallery-item-inner\"><figure class=\"kb-gallery-figure kb-gallery-item-has-link kadence-blocks-gallery-item-hide-caption kb-has-image-ratio-land32\"><a href=\"https:\/\/www.camp-bara.com\/wp-content\/uploads\/2022\/03\/Ljubuski-above.jpg\" class=\"kb-gallery-item-link\"><div class=\"kb-gal-image-radius\"><div class=\"kb-gallery-image-contain kadence-blocks-gallery-intrinsic kb-gallery-image-ratio-land32\"><img loading=\"lazy\" decoding=\"async\" src=\"https:\/\/www.camp-bara.com\/wp-content\/uploads\/2022\/03\/Ljubuski-above.jpg\" width=\"800\" height=\"532\" alt=\"\" data-full-image=\"https:\/\/www.camp-bara.com\/wp-content\/uploads\/2022\/03\/Ljubuski-above.jpg\" data-light-image=\"https:\/\/www.camp-bara.com\/wp-content\/uploads\/2022\/03\/Ljubuski-above.jpg\" data-id=\"2624\" data-link=\"https:\/\/www.camp-bara.com\/?attachment_id=2624\" class=\"wp-image-2624 skip-lazy\" srcset=\"https:\/\/www.camp-bara.com\/wp-content\/uploads\/2022\/03\/Ljubuski-above.jpg 800w, https:\/\/www.camp-bara.com\/wp-content\/uploads\/2022\/03\/Ljubuski-above-300x200.jpg 300w, https:\/\/www.camp-bara.com\/wp-content\/uploads\/2022\/03\/Ljubuski-above-768x511.jpg 768w, https:\/\/www.camp-bara.com\/wp-content\/uploads\/2022\/03\/Ljubuski-above-18x12.jpg 18w\" sizes=\"auto, (max-width: 800px) 100vw, 800px\" \/><\/div><div class=\"kadence-blocks-gallery-item__caption\">Ljubu\u0161ki<\/div><\/div><\/a><\/figure><\/div><\/div><\/div><div class=\"kb-slide-item kb-gallery-carousel-item\"><div class=\"kadence-blocks-gallery-item\"><div class=\"kadence-blocks-gallery-item-inner\"><figure class=\"kb-gallery-figure kb-gallery-item-has-link kadence-blocks-gallery-item-hide-caption kb-has-image-ratio-land32\"><a href=\"https:\/\/www.camp-bara.com\/wp-content\/uploads\/2022\/03\/Ljubuski-Old-Town.jpg\" class=\"kb-gallery-item-link\"><div class=\"kb-gal-image-radius\"><div class=\"kb-gallery-image-contain kadence-blocks-gallery-intrinsic kb-gallery-image-ratio-land32\"><img loading=\"lazy\" decoding=\"async\" src=\"https:\/\/www.camp-bara.com\/wp-content\/uploads\/2022\/03\/Ljubuski-Old-Town.jpg\" width=\"1024\" height=\"663\" alt=\"\" data-full-image=\"https:\/\/www.camp-bara.com\/wp-content\/uploads\/2022\/03\/Ljubuski-Old-Town.jpg\" data-light-image=\"https:\/\/www.camp-bara.com\/wp-content\/uploads\/2022\/03\/Ljubuski-Old-Town.jpg\" data-id=\"2625\" data-link=\"https:\/\/www.camp-bara.com\/?attachment_id=2625\" class=\"wp-image-2625 skip-lazy\" srcset=\"https:\/\/www.camp-bara.com\/wp-content\/uploads\/2022\/03\/Ljubuski-Old-Town.jpg 1024w, https:\/\/www.camp-bara.com\/wp-content\/uploads\/2022\/03\/Ljubuski-Old-Town-300x194.jpg 300w, https:\/\/www.camp-bara.com\/wp-content\/uploads\/2022\/03\/Ljubuski-Old-Town-768x497.jpg 768w, https:\/\/www.camp-bara.com\/wp-content\/uploads\/2022\/03\/Ljubuski-Old-Town-18x12.jpg 18w\" sizes=\"auto, (max-width: 1024px) 100vw, 1024px\" \/><\/div><div class=\"kadence-blocks-gallery-item__caption\">Ljubu\u0161ki, Old Town Herceg Stjepan Kosa\u010da<\/div><\/div><\/a><\/figure><\/div><\/div><\/div><div class=\"kb-slide-item kb-gallery-carousel-item\"><div class=\"kadence-blocks-gallery-item\"><div class=\"kadence-blocks-gallery-item-inner\"><figure class=\"kb-gallery-figure kb-gallery-item-has-link kadence-blocks-gallery-item-hide-caption kb-has-image-ratio-land32\"><a href=\"https:\/\/www.camp-bara.com\/wp-content\/uploads\/2022\/03\/Ljubuski-1.jpg\" class=\"kb-gallery-item-link\"><div class=\"kb-gal-image-radius\"><div class=\"kb-gallery-image-contain kadence-blocks-gallery-intrinsic kb-gallery-image-ratio-land32\"><img loading=\"lazy\" decoding=\"async\" src=\"https:\/\/www.camp-bara.com\/wp-content\/uploads\/2022\/03\/Ljubuski-1.jpg\" width=\"800\" height=\"533\" alt=\"\" data-full-image=\"https:\/\/www.camp-bara.com\/wp-content\/uploads\/2022\/03\/Ljubuski-1.jpg\" data-light-image=\"https:\/\/www.camp-bara.com\/wp-content\/uploads\/2022\/03\/Ljubuski-1.jpg\" data-id=\"2626\" data-link=\"https:\/\/www.camp-bara.com\/?attachment_id=2626\" class=\"wp-image-2626 skip-lazy\" srcset=\"https:\/\/www.camp-bara.com\/wp-content\/uploads\/2022\/03\/Ljubuski-1.jpg 800w, https:\/\/www.camp-bara.com\/wp-content\/uploads\/2022\/03\/Ljubuski-1-300x200.jpg 300w, https:\/\/www.camp-bara.com\/wp-content\/uploads\/2022\/03\/Ljubuski-1-768x512.jpg 768w, https:\/\/www.camp-bara.com\/wp-content\/uploads\/2022\/03\/Ljubuski-1-18x12.jpg 18w\" sizes=\"auto, (max-width: 800px) 100vw, 800px\" \/><\/div><div class=\"kadence-blocks-gallery-item__caption\">Ljubu\u0161ki, river Trebi\u017eat<\/div><\/div><\/a><\/figure><\/div><\/div><\/div><\/div><\/div><\/div><\/div>\n<\/div><\/div>\n<\/div><\/div><\/div>","protected":false},"excerpt":{"rendered":"<p>Ljubu\u0161ki Here you can find some interesting fact about Ljubu\u0161ki. Ljubu\u0161ki s a city and municipality in Bosnia and Herzegovina. It is located in the West Herzegovina Canton, a unit&#8230;<\/p>","protected":false},"author":1,"featured_media":0,"parent":0,"menu_order":0,"comment_status":"closed","ping_status":"closed","template":"","meta":{"_EventAllDay":false,"_EventTimezone":"","_EventStartDate":"","_EventEndDate":"","_EventStartDateUTC":"","_EventEndDateUTC":"","_EventShowMap":false,"_EventShowMapLink":false,"_EventURL":"","_EventCost":"","_EventCostDescription":"","_EventCurrencySymbol":"","_EventCurrencyCode":"","_EventCurrencyPosition":"","_EventDateTimeSeparator":"","_EventTimeRangeSeparator":"","_EventOrganizerID":[],"_EventVenueID":[0],"_OrganizerEmail":"","_OrganizerPhone":"","_OrganizerWebsite":"","_VenueAddress":"","_VenueCity":"","_VenueCountry":"","_VenueProvince":"","_VenueState":"","_VenueZip":"","_VenuePhone":"","_VenueURL":"","_VenueStateProvince":"","_VenueLat":"","_VenueLng":"","_VenueShowMap":false,"_VenueShowMapLink":false,"_kadence_starter_templates_imported_post":false,"_kad_post_transparent":"","_kad_post_title":"hide","_kad_post_layout":"fullwidth","_kad_post_sidebar_id":"","_kad_post_content_style":"unboxed","_kad_post_vertical_padding":"","_kad_post_feature":"","_kad_post_feature_position":"","_kad_post_header":false,"_kad_post_footer":false,"footnotes":""},"class_list":["post-2623","page","type-page","status-publish","hentry"],"yoast_head":"<!-- This site is optimized with the Yoast SEO plugin v22.5 - https:\/\/yoast.com\/wordpress\/plugins\/seo\/ -->\n<title>Ljubu\u0161ki - Campsite in Blagaj (Bosnia&amp;Herzegovina)-Camp Bara<\/title>\n<meta name=\"description\" content=\"Ljubu\u0161ki with it&#039;s waterfall Kravice is definitely place to visit. If you are staying in our camp we can arrange transportation.\" \/>\n<meta name=\"robots\" content=\"index, follow, max-snippet:-1, max-image-preview:large, max-video-preview:-1\" \/>\n<link rel=\"canonical\" href=\"http:\/\/www.camp-bara.com\/de\/ljubuski\/\" \/>\n<meta property=\"og:locale\" content=\"de_DE\" \/>\n<meta property=\"og:type\" content=\"article\" \/>\n<meta property=\"og:title\" content=\"Ljubu\u0161ki - Campsite in Blagaj (Bosnia&amp;Herzegovina)-Camp Bara\" \/>\n<meta property=\"og:description\" content=\"Ljubu\u0161ki with it&#039;s waterfall Kravice is definitely place to visit. If you are staying in our camp we can arrange transportation.\" \/>\n<meta property=\"og:url\" content=\"http:\/\/www.camp-bara.com\/de\/ljubuski\/\" \/>\n<meta property=\"og:site_name\" content=\"Campsite in Blagaj (Bosnia&amp;Herzegovina)-Camp Bara\" \/>\n<meta property=\"article:modified_time\" content=\"2022-04-03T08:45:29+00:00\" \/>\n<meta property=\"og:image\" content=\"https:\/\/www.camp-bara.com\/wp-content\/uploads\/2022\/03\/Ljubuski.jpg\" \/>\n<meta name=\"twitter:card\" content=\"summary_large_image\" \/>\n<meta name=\"twitter:label1\" content=\"Gesch\u00e4tzte Lesezeit\" \/>\n\t<meta name=\"twitter:data1\" content=\"2\u00a0Minuten\" \/>\n<script type=\"application\/ld+json\" class=\"yoast-schema-graph\">{\"@context\":\"https:\/\/schema.org\",\"@graph\":[{\"@type\":\"WebPage\",\"@id\":\"https:\/\/www.camp-bara.com\/ljubuski\/\",\"url\":\"https:\/\/www.camp-bara.com\/ljubuski\/\",\"name\":\"Ljubu\u0161ki - Campsite in Blagaj (Bosnia&amp;Herzegovina)-Camp Bara\",\"isPartOf\":{\"@id\":\"https:\/\/www.camp-bara.com\/#website\"},\"primaryImageOfPage\":{\"@id\":\"https:\/\/www.camp-bara.com\/ljubuski\/#primaryimage\"},\"image\":{\"@id\":\"https:\/\/www.camp-bara.com\/ljubuski\/#primaryimage\"},\"thumbnailUrl\":\"https:\/\/www.camp-bara.com\/wp-content\/uploads\/2022\/03\/Ljubuski.jpg\",\"datePublished\":\"2022-03-13T18:28:27+00:00\",\"dateModified\":\"2022-04-03T08:45:29+00:00\",\"description\":\"Ljubu\u0161ki with it's waterfall Kravice is definitely place to visit. If you are staying in our camp we can arrange transportation.\",\"breadcrumb\":{\"@id\":\"https:\/\/www.camp-bara.com\/ljubuski\/#breadcrumb\"},\"inLanguage\":\"de\",\"potentialAction\":[{\"@type\":\"ReadAction\",\"target\":[\"https:\/\/www.camp-bara.com\/ljubuski\/\"]}]},{\"@type\":\"ImageObject\",\"inLanguage\":\"de\",\"@id\":\"https:\/\/www.camp-bara.com\/ljubuski\/#primaryimage\",\"url\":\"https:\/\/www.camp-bara.com\/wp-content\/uploads\/2022\/03\/Ljubuski.jpg\",\"contentUrl\":\"https:\/\/www.camp-bara.com\/wp-content\/uploads\/2022\/03\/Ljubuski.jpg\"},{\"@type\":\"BreadcrumbList\",\"@id\":\"https:\/\/www.camp-bara.com\/ljubuski\/#breadcrumb\",\"itemListElement\":[{\"@type\":\"ListItem\",\"position\":1,\"name\":\"Home\",\"item\":\"https:\/\/www.camp-bara.com\/\"},{\"@type\":\"ListItem\",\"position\":2,\"name\":\"Ljubu\u0161ki\"}]},{\"@type\":\"WebSite\",\"@id\":\"https:\/\/www.camp-bara.com\/#website\",\"url\":\"https:\/\/www.camp-bara.com\/\",\"name\":\"Campsite in Blagaj (Bosnia&amp;Herzegovina)-Camp Bara\",\"description\":\"Your new favorite camping place\",\"publisher\":{\"@id\":\"https:\/\/www.camp-bara.com\/#organization\"},\"potentialAction\":[{\"@type\":\"SearchAction\",\"target\":{\"@type\":\"EntryPoint\",\"urlTemplate\":\"https:\/\/www.camp-bara.com\/?s={search_term_string}\"},\"query-input\":\"required name=search_term_string\"}],\"inLanguage\":\"de\"},{\"@type\":\"Organization\",\"@id\":\"https:\/\/www.camp-bara.com\/#organization\",\"name\":\"Campsite in Blagaj (Bosnia&amp;Herzegovina)-Camp Bara\",\"url\":\"https:\/\/www.camp-bara.com\/\",\"logo\":{\"@type\":\"ImageObject\",\"inLanguage\":\"de\",\"@id\":\"https:\/\/www.camp-bara.com\/#\/schema\/logo\/image\/\",\"url\":\"https:\/\/www.camp-bara.com\/wp-content\/uploads\/2022\/03\/Camp-Bara-vektorski-logo-01.png\",\"contentUrl\":\"https:\/\/www.camp-bara.com\/wp-content\/uploads\/2022\/03\/Camp-Bara-vektorski-logo-01.png\",\"width\":1042,\"height\":417,\"caption\":\"Campsite in Blagaj (Bosnia&amp;Herzegovina)-Camp Bara\"},\"image\":{\"@id\":\"https:\/\/www.camp-bara.com\/#\/schema\/logo\/image\/\"}}]}<\/script>\n<!-- \/ Yoast SEO plugin. -->","yoast_head_json":{"title":"Ljubu\u0161ki - Campsite in Blagaj (Bosnia&amp;Herzegovina)-Camp Bara","description":"Ljubu\u0161ki with it's waterfall Kravice is definitely place to visit. If you are staying in our camp we can arrange transportation.","robots":{"index":"index","follow":"follow","max-snippet":"max-snippet:-1","max-image-preview":"max-image-preview:large","max-video-preview":"max-video-preview:-1"},"canonical":"http:\/\/www.camp-bara.com\/de\/ljubuski\/","og_locale":"de_DE","og_type":"article","og_title":"Ljubu\u0161ki - Campsite in Blagaj (Bosnia&amp;Herzegovina)-Camp Bara","og_description":"Ljubu\u0161ki with it's waterfall Kravice is definitely place to visit. If you are staying in our camp we can arrange transportation.","og_url":"http:\/\/www.camp-bara.com\/de\/ljubuski\/","og_site_name":"Campsite in Blagaj (Bosnia&amp;Herzegovina)-Camp Bara","article_modified_time":"2022-04-03T08:45:29+00:00","og_image":[{"url":"https:\/\/www.camp-bara.com\/wp-content\/uploads\/2022\/03\/Ljubuski.jpg"}],"twitter_card":"summary_large_image","twitter_misc":{"Gesch\u00e4tzte Lesezeit":"2\u00a0Minuten"},"schema":{"@context":"https:\/\/schema.org","@graph":[{"@type":"WebPage","@id":"https:\/\/www.camp-bara.com\/ljubuski\/","url":"https:\/\/www.camp-bara.com\/ljubuski\/","name":"Ljubu\u0161ki - Campsite in Blagaj (Bosnia&amp;Herzegovina)-Camp Bara","isPartOf":{"@id":"https:\/\/www.camp-bara.com\/#website"},"primaryImageOfPage":{"@id":"https:\/\/www.camp-bara.com\/ljubuski\/#primaryimage"},"image":{"@id":"https:\/\/www.camp-bara.com\/ljubuski\/#primaryimage"},"thumbnailUrl":"https:\/\/www.camp-bara.com\/wp-content\/uploads\/2022\/03\/Ljubuski.jpg","datePublished":"2022-03-13T18:28:27+00:00","dateModified":"2022-04-03T08:45:29+00:00","description":"Ljubu\u0161ki with it's waterfall Kravice is definitely place to visit. If you are staying in our camp we can arrange transportation.","breadcrumb":{"@id":"https:\/\/www.camp-bara.com\/ljubuski\/#breadcrumb"},"inLanguage":"de","potentialAction":[{"@type":"ReadAction","target":["https:\/\/www.camp-bara.com\/ljubuski\/"]}]},{"@type":"ImageObject","inLanguage":"de","@id":"https:\/\/www.camp-bara.com\/ljubuski\/#primaryimage","url":"https:\/\/www.camp-bara.com\/wp-content\/uploads\/2022\/03\/Ljubuski.jpg","contentUrl":"https:\/\/www.camp-bara.com\/wp-content\/uploads\/2022\/03\/Ljubuski.jpg"},{"@type":"BreadcrumbList","@id":"https:\/\/www.camp-bara.com\/ljubuski\/#breadcrumb","itemListElement":[{"@type":"ListItem","position":1,"name":"Home","item":"https:\/\/www.camp-bara.com\/"},{"@type":"ListItem","position":2,"name":"Ljubu\u0161ki"}]},{"@type":"WebSite","@id":"https:\/\/www.camp-bara.com\/#website","url":"https:\/\/www.camp-bara.com\/","name":"Campsite in Blagaj (Bosnia&amp;Herzegovina)-Camp Bara","description":"Your new favorite camping place","publisher":{"@id":"https:\/\/www.camp-bara.com\/#organization"},"potentialAction":[{"@type":"SearchAction","target":{"@type":"EntryPoint","urlTemplate":"https:\/\/www.camp-bara.com\/?s={search_term_string}"},"query-input":"required name=search_term_string"}],"inLanguage":"de"},{"@type":"Organization","@id":"https:\/\/www.camp-bara.com\/#organization","name":"Campsite in Blagaj (Bosnia&amp;Herzegovina)-Camp Bara","url":"https:\/\/www.camp-bara.com\/","logo":{"@type":"ImageObject","inLanguage":"de","@id":"https:\/\/www.camp-bara.com\/#\/schema\/logo\/image\/","url":"https:\/\/www.camp-bara.com\/wp-content\/uploads\/2022\/03\/Camp-Bara-vektorski-logo-01.png","contentUrl":"https:\/\/www.camp-bara.com\/wp-content\/uploads\/2022\/03\/Camp-Bara-vektorski-logo-01.png","width":1042,"height":417,"caption":"Campsite in Blagaj (Bosnia&amp;Herzegovina)-Camp Bara"},"image":{"@id":"https:\/\/www.camp-bara.com\/#\/schema\/logo\/image\/"}}]}},"_links":{"self":[{"href":"http:\/\/www.camp-bara.com\/de\/wp-json\/wp\/v2\/pages\/2623","targetHints":{"allow":["GET"]}}],"collection":[{"href":"http:\/\/www.camp-bara.com\/de\/wp-json\/wp\/v2\/pages"}],"about":[{"href":"http:\/\/www.camp-bara.com\/de\/wp-json\/wp\/v2\/types\/page"}],"author":[{"embeddable":true,"href":"http:\/\/www.camp-bara.com\/de\/wp-json\/wp\/v2\/users\/1"}],"replies":[{"embeddable":true,"href":"http:\/\/www.camp-bara.com\/de\/wp-json\/wp\/v2\/comments?post=2623"}],"version-history":[{"count":3,"href":"http:\/\/www.camp-bara.com\/de\/wp-json\/wp\/v2\/pages\/2623\/revisions"}],"predecessor-version":[{"id":2891,"href":"http:\/\/www.camp-bara.com\/de\/wp-json\/wp\/v2\/pages\/2623\/revisions\/2891"}],"wp:attachment":[{"href":"http:\/\/www.camp-bara.com\/de\/wp-json\/wp\/v2\/media?parent=2623"}],"curies":[{"name":"wp","href":"https:\/\/api.w.org\/{rel}","templated":true}]}}